{"id":15,"date":"2024-06-27T19:47:29","date_gmt":"2024-06-27T16:47:29","guid":{"rendered":"https:\/\/www.kantarfiyatlari.com\/home\/"},"modified":"2024-08-06T21:38:30","modified_gmt":"2024-08-06T18:38:30","slug":"home","status":"publish","type":"page","link":"https:\/\/www.kantarfiyatlari.com\/","title":{"rendered":"T\u0131r Kantar\u0131"},"content":{"rendered":"<h2><a href=\"https:\/\/www.elitesistem.com\/index.php\/tir-kantari\">T\u0131r kantar\u0131<\/a><strong><br \/>\n<\/strong><\/h2>\n<p>Modelleri \u00fcretimi yapan firmam\u0131z \u0130stanbul ve Ankara b\u00f6lgelerinde \u00fcretimini yaparak uygun <strong><a href=\"https:\/\/www.kantarfiyatlari.com\/\">t\u0131r kantar\u0131<\/a><\/strong> ve kaliteli t\u0131r kantar\u0131 modeli \u00e7e\u015fitleri sunmaktay\u0131z uygun \u00f6deme ko\u015fullar\u0131 ile hemen bug\u00fcn t\u0131r kantar\u0131 sahibi olmak i\u00e7in bizimle ileti\u015fime ge\u00e7ebilirsiniz.<\/p>\n<figure id=\"attachment_340\" aria-describedby=\"caption-attachment-340\" style=\"width: 1080px\" class=\"wp-caption alignnone\"><img loading=\"lazy\" decoding=\"async\" class=\"size-full wp-image-340\" src=\"https:\/\/www.kantarfiyatlari.com\/wp-content\/uploads\/2024\/06\/10-yil-garantili-tir-kantari-2025-1.jpg\" alt=\"T\u0131r Kantar\u0131\" width=\"1080\" height=\"1086\" srcset=\"https:\/\/www.kantarfiyatlari.com\/wp-content\/uploads\/2024\/06\/10-yil-garantili-tir-kantari-2025-1.jpg 1080w, https:\/\/www.kantarfiyatlari.com\/wp-content\/uploads\/2024\/06\/10-yil-garantili-tir-kantari-2025-1-298x300.jpg 298w, https:\/\/www.kantarfiyatlari.com\/wp-content\/uploads\/2024\/06\/10-yil-garantili-tir-kantari-2025-1-1018x1024.jpg 1018w, https:\/\/www.kantarfiyatlari.com\/wp-content\/uploads\/2024\/06\/10-yil-garantili-tir-kantari-2025-1-150x150.jpg 150w, https:\/\/www.kantarfiyatlari.com\/wp-content\/uploads\/2024\/06\/10-yil-garantili-tir-kantari-2025-1-768x772.jpg 768w\" sizes=\"auto, (max-width: 1080px) 100vw, 1080px\" \/><figcaption id=\"caption-attachment-340\" class=\"wp-caption-text\">T\u0131r Kantar\u0131<\/figcaption><\/figure>\n","protected":false},"excerpt":{"rendered":"<p>T\u0131r kantar\u0131 Modelleri \u00fcretimi yapan firmam\u0131z \u0130stanbul ve Ankara b\u00f6lgelerinde \u00fcretimini yaparak uygun t\u0131r kantar\u0131 ve kaliteli t\u0131r kantar\u0131 modeli \u00e7e\u015fitleri sunmaktay\u0131z uygun \u00f6deme ko\u015fullar\u0131 ile hemen bug\u00fcn t\u0131r kantar\u0131 sahibi olmak i\u00e7in bizimle ileti\u015fime ge\u00e7ebilirsiniz.<\/p>\n","protected":false},"author":1,"featured_media":0,"parent":0,"menu_order":0,"comment_status":"closed","ping_status":"closed","template":"templates\/template-homepage-one.php","meta":{"ngg_post_thumbnail":0,"footnotes":""},"class_list":["post-15","page","type-page","status-publish","hentry"],"_links":{"self":[{"href":"https:\/\/www.kantarfiyatlari.com\/index.php\/wp-json\/wp\/v2\/pages\/15","targetHints":{"allow":["GET"]}}],"collection":[{"href":"https:\/\/www.kantarfiyatlari.com\/index.php\/wp-json\/wp\/v2\/pages"}],"about":[{"href":"https:\/\/www.kantarfiyatlari.com\/index.php\/wp-json\/wp\/v2\/types\/page"}],"author":[{"embeddable":true,"href":"https:\/\/www.kantarfiyatlari.com\/index.php\/wp-json\/wp\/v2\/users\/1"}],"replies":[{"embeddable":true,"href":"https:\/\/www.kantarfiyatlari.com\/index.php\/wp-json\/wp\/v2\/comments?post=15"}],"version-history":[{"count":3,"href":"https:\/\/www.kantarfiyatlari.com\/index.php\/wp-json\/wp\/v2\/pages\/15\/revisions"}],"predecessor-version":[{"id":370,"href":"https:\/\/www.kantarfiyatlari.com\/index.php\/wp-json\/wp\/v2\/pages\/15\/revisions\/370"}],"wp:attachment":[{"href":"https:\/\/www.kantarfiyatlari.com\/index.php\/wp-json\/wp\/v2\/media?parent=15"}],"curies":[{"name":"wp","href":"https:\/\/api.w.org\/{rel}","templated":true}]}}