{"id":20,"date":"2024-06-27T19:47:29","date_gmt":"2024-06-27T16:47:29","guid":{"rendered":"https:\/\/www.kantarfiyatlari.com\/easy-customizable\/"},"modified":"2024-06-29T21:00:30","modified_gmt":"2024-06-29T18:00:30","slug":"zemin-ustu-tir-kantarlari","status":"publish","type":"page","link":"https:\/\/www.kantarfiyatlari.com\/index.php\/zemin-ustu-tir-kantarlari","title":{"rendered":"Zemin \u00dcst\u00fc T\u0131r Kantarlar\u0131"},"content":{"rendered":"<p>Zemin \u00dcst\u00fc T\u0131r Kantarlar\u0131 modellerimiz ayn\u0131 g\u00fcn teslimat\u0131n\u0131 yapabiliriz.<\/p>\n","protected":false},"excerpt":{"rendered":"<p>Zemin \u00dcst\u00fc T\u0131r Kantarlar\u0131 modellerimiz ayn\u0131 g\u00fcn teslimat\u0131n\u0131 yapabiliriz.<\/p>\n","protected":false},"author":1,"featured_media":0,"parent":0,"menu_order":0,"comment_status":"closed","ping_status":"closed","template":"","meta":{"ngg_post_thumbnail":0,"footnotes":""},"class_list":["post-20","page","type-page","status-publish","hentry"],"_links":{"self":[{"href":"https:\/\/www.kantarfiyatlari.com\/index.php\/wp-json\/wp\/v2\/pages\/20","targetHints":{"allow":["GET"]}}],"collection":[{"href":"https:\/\/www.kantarfiyatlari.com\/index.php\/wp-json\/wp\/v2\/pages"}],"about":[{"href":"https:\/\/www.kantarfiyatlari.com\/index.php\/wp-json\/wp\/v2\/types\/page"}],"author":[{"embeddable":true,"href":"https:\/\/www.kantarfiyatlari.com\/index.php\/wp-json\/wp\/v2\/users\/1"}],"replies":[{"embeddable":true,"href":"https:\/\/www.kantarfiyatlari.com\/index.php\/wp-json\/wp\/v2\/comments?post=20"}],"version-history":[{"count":3,"href":"https:\/\/www.kantarfiyatlari.com\/index.php\/wp-json\/wp\/v2\/pages\/20\/revisions"}],"predecessor-version":[{"id":55,"href":"https:\/\/www.kantarfiyatlari.com\/index.php\/wp-json\/wp\/v2\/pages\/20\/revisions\/55"}],"wp:attachment":[{"href":"https:\/\/www.kantarfiyatlari.com\/index.php\/wp-json\/wp\/v2\/media?parent=20"}],"curies":[{"name":"wp","href":"https:\/\/api.w.org\/{rel}","templated":true}]}}