{"id":23,"date":"2024-06-27T19:47:29","date_gmt":"2024-06-27T16:47:29","guid":{"rendered":"https:\/\/www.kantarfiyatlari.com\/responsive-design\/"},"modified":"2024-06-29T22:33:03","modified_gmt":"2024-06-29T19:33:03","slug":"tir-kantari-kalibrasyon","status":"publish","type":"page","link":"https:\/\/www.kantarfiyatlari.com\/index.php\/tir-kantari-kalibrasyon","title":{"rendered":"T\u0131r Kantar\u0131 Kalibrasyon"},"content":{"rendered":"<p>T\u00fcrkiye\u2019nin her noktas\u0131na ayn\u0131 g\u00fcn veya ertesi g\u00fcne Etalon a\u011f\u0131rl\u0131klar ile\u00a0<a href=\"https:\/\/www.elitesistem.com\/index.php\/project\/kantar-kalibrasyonu\"><strong>kantar kalibrasyonu<\/strong><\/a>\u00a0<a href=\"https:\/\/www.kantarfiyatlari.com\/\">hizmeti<\/a> vermekteyiz<\/p>\n","protected":false},"excerpt":{"rendered":"<p>T\u00fcrkiye\u2019nin her noktas\u0131na ayn\u0131 g\u00fcn veya ertesi g\u00fcne Etalon a\u011f\u0131rl\u0131klar ile\u00a0kantar kalibrasyonu\u00a0hizmeti vermekteyiz<\/p>\n","protected":false},"author":1,"featured_media":47,"parent":0,"menu_order":0,"comment_status":"closed","ping_status":"closed","template":"","meta":{"ngg_post_thumbnail":0,"footnotes":""},"class_list":["post-23","page","type-page","status-publish","has-post-thumbnail","hentry"],"_links":{"self":[{"href":"https:\/\/www.kantarfiyatlari.com\/index.php\/wp-json\/wp\/v2\/pages\/23","targetHints":{"allow":["GET"]}}],"collection":[{"href":"https:\/\/www.kantarfiyatlari.com\/index.php\/wp-json\/wp\/v2\/pages"}],"about":[{"href":"https:\/\/www.kantarfiyatlari.com\/index.php\/wp-json\/wp\/v2\/types\/page"}],"author":[{"embeddable":true,"href":"https:\/\/www.kantarfiyatlari.com\/index.php\/wp-json\/wp\/v2\/users\/1"}],"replies":[{"embeddable":true,"href":"https:\/\/www.kantarfiyatlari.com\/index.php\/wp-json\/wp\/v2\/comments?post=23"}],"version-history":[{"count":3,"href":"https:\/\/www.kantarfiyatlari.com\/index.php\/wp-json\/wp\/v2\/pages\/23\/revisions"}],"predecessor-version":[{"id":89,"href":"https:\/\/www.kantarfiyatlari.com\/index.php\/wp-json\/wp\/v2\/pages\/23\/revisions\/89"}],"wp:featuredmedia":[{"embeddable":true,"href":"https:\/\/www.kantarfiyatlari.com\/index.php\/wp-json\/wp\/v2\/media\/47"}],"wp:attachment":[{"href":"https:\/\/www.kantarfiyatlari.com\/index.php\/wp-json\/wp\/v2\/media?parent=23"}],"curies":[{"name":"wp","href":"https:\/\/api.w.org\/{rel}","templated":true}]}}