{"id":25,"date":"2024-06-27T19:47:29","date_gmt":"2024-06-27T16:47:29","guid":{"rendered":"https:\/\/www.kantarfiyatlari.com\/plugin-supports\/"},"modified":"2024-06-29T22:30:05","modified_gmt":"2024-06-29T19:30:05","slug":"tir-kantari-2","status":"publish","type":"page","link":"https:\/\/www.kantarfiyatlari.com\/index.php\/tir-kantari-2","title":{"rendered":"T\u0131r Kantar\u0131"},"content":{"rendered":"<p><strong><a href=\"https:\/\/www.kantarfiyatlari.com\/\">Zemin \u00fcst\u00fc t\u0131r kantar\u0131<\/a><\/strong> ve <strong><a href=\"https:\/\/www.kantarfiyatlari.com\/\">Zemin i\u00e7in t\u0131r kantar\u0131<\/a><\/strong> Mod\u00fcler tasar\u0131m\u0131m\u0131z sayesinde her t\u00fcrl\u00fc ihtiyaca uygun <a href=\"https:\/\/www.elitesistem.com\/index.php\/tir-kantari\"><strong>T\u0131r Kantar\u0131<\/strong><\/a>\u00a0\u00e7\u00f6z\u00fcmleri sunuyoruz.<\/p>\n","protected":false},"excerpt":{"rendered":"<p>Zemin \u00fcst\u00fc t\u0131r kantar\u0131 ve Zemin i\u00e7in t\u0131r kantar\u0131 Mod\u00fcler tasar\u0131m\u0131m\u0131z sayesinde her t\u00fcrl\u00fc ihtiyaca uygun T\u0131r Kantar\u0131\u00a0\u00e7\u00f6z\u00fcmleri sunuyoruz.<\/p>\n","protected":false},"author":1,"featured_media":84,"parent":0,"menu_order":0,"comment_status":"closed","ping_status":"closed","template":"","meta":{"ngg_post_thumbnail":0,"footnotes":""},"class_list":["post-25","page","type-page","status-publish","has-post-thumbnail","hentry"],"_links":{"self":[{"href":"https:\/\/www.kantarfiyatlari.com\/index.php\/wp-json\/wp\/v2\/pages\/25","targetHints":{"allow":["GET"]}}],"collection":[{"href":"https:\/\/www.kantarfiyatlari.com\/index.php\/wp-json\/wp\/v2\/pages"}],"about":[{"href":"https:\/\/www.kantarfiyatlari.com\/index.php\/wp-json\/wp\/v2\/types\/page"}],"author":[{"embeddable":true,"href":"https:\/\/www.kantarfiyatlari.com\/index.php\/wp-json\/wp\/v2\/users\/1"}],"replies":[{"embeddable":true,"href":"https:\/\/www.kantarfiyatlari.com\/index.php\/wp-json\/wp\/v2\/comments?post=25"}],"version-history":[{"count":3,"href":"https:\/\/www.kantarfiyatlari.com\/index.php\/wp-json\/wp\/v2\/pages\/25\/revisions"}],"predecessor-version":[{"id":87,"href":"https:\/\/www.kantarfiyatlari.com\/index.php\/wp-json\/wp\/v2\/pages\/25\/revisions\/87"}],"wp:featuredmedia":[{"embeddable":true,"href":"https:\/\/www.kantarfiyatlari.com\/index.php\/wp-json\/wp\/v2\/media\/84"}],"wp:attachment":[{"href":"https:\/\/www.kantarfiyatlari.com\/index.php\/wp-json\/wp\/v2\/media?parent=25"}],"curies":[{"name":"wp","href":"https:\/\/api.w.org\/{rel}","templated":true}]}}